{"id":453,"date":"2024-03-19T19:24:01","date_gmt":"2024-03-19T19:24:01","guid":{"rendered":"https:\/\/lnpartner.hr\/?page_id=453"},"modified":"2024-03-26T11:10:26","modified_gmt":"2024-03-26T11:10:26","slug":"pravila-privatnosti","status":"publish","type":"page","link":"https:\/\/lnpartner.hr\/en\/pravila-privatnosti\/","title":{"rendered":"Politika privatnosti"},"content":{"rendered":"<p>[et_pb_section fb_built=&#8221;1&#8243; admin_label=&#8221;Hero&#8221; _builder_version=&#8221;4.17.4&#8243; _module_preset=&#8221;default&#8221; use_background_color_gradient=&#8221;on&#8221; background_color_gradient_type=&#8221;circular&#8221; background_color_gradient_direction_radial=&#8221;top left&#8221; background_color_gradient_stops=&#8221;rgba(40,40,40,0.79) 0%|gcid-4a0972ff-1d3d-40d2-a3d6-bc911bdc3249 99%&#8221; background_color_gradient_overlays_image=&#8221;on&#8221; background_color_gradient_start=&#8221;rgba(40,40,40,0.79)&#8221; background_color_gradient_end=&#8221;rgba(40,40,40,0.86)&#8221; background_enable_image=&#8221;off&#8221; custom_padding=&#8221;0px||0px||true|false&#8221; global_colors_info=&#8221;{%22gcid-4a0972ff-1d3d-40d2-a3d6-bc911bdc3249%22:%91%22background_color_gradient_stops%22%93}&#8221;][et_pb_row use_custom_gutter=&#8221;on&#8221; make_equal=&#8221;on&#8221; padding_top_bottom_link_1=&#8221;true&#8221; padding_top_bottom_link_2=&#8221;true&#8221; padding_left_right_link_1=&#8221;true&#8221; padding_left_right_link_2=&#8221;true&#8221; background_color_gradient_type_1=&#8221;circular&#8221; _builder_version=&#8221;4.17.4&#8243; _module_preset=&#8221;default&#8221; width=&#8221;100%&#8221; max_width=&#8221;100%&#8221; custom_padding=&#8221;0px||0px||true&#8221; use_custom_width=&#8221;on&#8221; width_unit=&#8221;off&#8221; custom_width_percent=&#8221;100%&#8221; global_colors_info=&#8221;{}&#8221;][et_pb_column type=&#8221;4_4&#8243; _builder_version=&#8221;4.16&#8243; _module_preset=&#8221;default&#8221; background_color_gradient_start=&#8221;rgba(40,40,40,0.79)&#8221; background_color_gradient_end=&#8221;rgba(40,40,40,0.86)&#8221; custom_padding=&#8221;10vw|6vw|10vw|6vw&#8221; custom_padding_tablet=&#8221;10vw|10%|10vw|10%|true|true&#8221; custom_padding_phone=&#8221;10vw|10%|10vw|10%|true|true&#8221; custom_padding_last_edited=&#8221;on|desktop&#8221; global_colors_info=&#8221;{}&#8221; padding_tablet=&#8221;10vw|10%|10vw|10%|true|true&#8221; padding_last_edited=&#8221;on|desktop&#8221; custom_padding__hover=&#8221;|||&#8221; padding_phone=&#8221;10vw|10%|10vw|10%|true|true&#8221;][et_pb_text _builder_version=&#8221;4.17.4&#8243; _module_preset=&#8221;default&#8221; text_font=&#8221;||||||||&#8221; header_font=&#8221;Rubik|700|||||||&#8221; header_font_size=&#8221;64px&#8221; header_line_height=&#8221;1.1em&#8221; background_layout=&#8221;dark&#8221; max_width=&#8221;800px&#8221; custom_margin=&#8221;||0px|&#8221; custom_padding=&#8221;|||16px&#8221; text_font_size_tablet=&#8221;14px&#8221; text_font_size_last_edited=&#8221;off|desktop&#8221; header_font_size_tablet=&#8221;44px&#8221; header_font_size_phone=&#8221;32px&#8221; header_font_size_last_edited=&#8221;on|phone&#8221; header_text_shadow_style=&#8221;preset1&#8243; border_color_all=&#8221;#ffb400&#8243; border_width_left=&#8221;10px&#8221; border_color_left=&#8221;gcid-539b8cbd-ea73-46e1-bfde-486e312d2f7c&#8221; global_colors_info=&#8221;{%22gcid-539b8cbd-ea73-46e1-bfde-486e312d2f7c%22:%91%22border_color_left%22%93}&#8221;]<\/p>\n<h1>Privacy policy<\/h1>\n<p>[\/et_pb_text][\/et_pb_column][\/et_pb_row][\/et_pb_section][et_pb_section fb_built=&#8221;1&#8243; admin_label=&#8221;Features&#8221; _builder_version=&#8221;4.16&#8243; _module_preset=&#8221;default&#8221; use_background_color_gradient=&#8221;on&#8221; background_color_gradient_stops=&#8221;#ffffff 0%|#e8eefc 100%&#8221; background_color_gradient_start=&#8221;#ffffff&#8221; background_color_gradient_end=&#8221;#e8eefc&#8221; custom_padding=&#8221;100px|0px|100px|0px&#8221; global_colors_info=&#8221;{}&#8221;][et_pb_row _builder_version=&#8221;4.17.4&#8243; _module_preset=&#8221;default&#8221; global_colors_info=&#8221;{}&#8221;][et_pb_column type=&#8221;4_4&#8243; _builder_version=&#8221;4.17.4&#8243; _module_preset=&#8221;default&#8221; global_colors_info=&#8221;{}&#8221;][et_pb_text _builder_version=&#8221;4.17.4&#8243; _module_preset=&#8221;default&#8221; hover_enabled=&#8221;0&#8243; global_colors_info=&#8221;{}&#8221; sticky_enabled=&#8221;0&#8243; header_2_line_height=&#8221;1.3em&#8221;]<\/p>\n<h2>By using this website, you consent to the application of these privacy policies, so please read them carefully.<\/h2>\n<p>HEAD OF DATA PROCESSING<br \/>LNpartner, obrt za usluge, vl. Marija Kri\u0161to Justament<br \/>Andrije Maurovi\u0107 7<br \/>10360 Sesvete<br \/>OIB 69234925756<br \/>is the manager of your personal data processing.<\/p>\n<p>For all questions related to data protection, you can contact <a href=\"mailto:lnpartner@lnpartner.hr\" title=\"lnpartner@lnpartner.hr\">lnpartner@lnpartner.hr<\/a><\/p>\n<p>The privacy policy applies to all user personal data that we collect and process, directly or through our partners.<\/p>\n<p>Personal data is any data relating to a natural person whose identity has been determined or can be determined, directly or indirectly.<\/p>\n<p>Data processing is any action performed on personal data, such as collection, storage, use, inspection and transfer of personal data.<\/p>\n<p>This Policy does not apply to anonymous data. Anonymous data is data that cannot be linked to a specific natural person.<\/p>\n<p>We fully respect your privacy. Your name, email address or any other information that is in our database and that you gave us when filling out the inquiry form is known only to the administrator and will not be used for any purposes other than those defined in the rules of use and will not be available to any third party. to a party that is not connected to the LNpartner business.<\/p>\n<p>Your email will not be used for advertising purposes and we will not contact you except in situations that have been accepted by you (eg to answer your inquiry sent via the contact form).<\/p>\n<p>USER REGISTRATION AND DATA<br \/>Access to the LNpartner.hr website is free and does not require user registration.<\/p>\n<p>We undertake not to misuse or share the collected data with third parties, except as a result of illegal actions by the user, when LNpartner, design and printing business will act in accordance with the Law of the Republic of Croatia and forward the data to investigative bodies of the Republic of Croatia.<\/p>\n<p>Since no data transmission over the Internet is 100% secure, the site cannot be held responsible if third parties gain access to the data in an unauthorized manner and is not responsible for any damage that may occur in such a situation.<\/p>\n<p>Personal data means personal data that you directly provide to us in connection with the services available on our website. This data may include the following:<\/p>\n<p>name and surname<br \/>address<br \/>electronic mail<br \/>phone number<br \/>OIB (for legal entities)<\/p>\n<p>These data will be used exclusively for the realization of the service.<\/p>\n<p>RIGHT TO FORGET PERSONAL DATA<br \/>The user has the right to request the deletion of personal data at any time. This can be done by sending a request to the email address lnpartner@lnpartner.hr and the data will be deleted without delay, unless there is a legal obligation to keep said data, a legitimate interest and a basis for exercising your legal rights.<\/p>\n<p>We will be able to provide feedback on your request only if the inquiry is sent from an active email that is recorded in our business system with correct information in the email (name and surname, phone number of the user requesting information) in order to protect you from the possibility of exposing your personal data to a third party.<\/p>\n<p>COOKIE POLICY<br \/>You should be aware that non-personal information and data may be collected automatically through our Internet servers or through the use of &quot;cookies&quot;. Click here to read our cookie policy.<\/p>\n<p>Examples of information about your use of the site include: the most visited and viewed pages and links on our website, the number of completed forms, time spent on the site, the most popular keywords that lead users to our site, your IP address, information collected through cookies, data of your device such as hardware settings, system activity, browser type, etc.<\/p>\n<p>CHANGES TO OUR PRIVACY POLICY<br \/>In the event of changes to our privacy policy, we will notify you on this page and update the privacy policy change date below as follows.<\/p>\n<p>This privacy policy was last modified on March 26, 2024.<\/p>\n<p>[\/et_pb_text][\/et_pb_column][\/et_pb_row][\/et_pb_section]<\/p>","protected":false},"excerpt":{"rendered":"<p>Pravila privatnostiKori\u0161tenjem ove web stranice dajete privolu na primjenu ovih pravila privatnosti, stoga vas molimo da ih pa\u017eljivo pro\u010ditate. VODITELJ OBRADE PODATAKALNpartner, obrt za usluge, vl.Marija Kri\u0161to JustamentAndrije Maurovi\u0107a 710360 SesveteOIB 69234925756je voditelj obrade va\u0161ih osobnih podataka. Za sva pitanja vezana uz za\u0161titu podataka mo\u017eete se obratiti na lnpartner@lnpartner.hr Politika privatnosti se primjenjuje na sve [&hellip;]<\/p>","protected":false},"author":1,"featured_media":0,"parent":0,"menu_order":0,"comment_status":"closed","ping_status":"closed","template":"","meta":{"_et_pb_use_builder":"on","_et_pb_old_content":"","_et_gb_content_width":"","footnotes":""},"class_list":["post-453","page","type-page","status-publish","hentry"],"_links":{"self":[{"href":"https:\/\/lnpartner.hr\/en\/wp-json\/wp\/v2\/pages\/453","targetHints":{"allow":["GET"]}}],"collection":[{"href":"https:\/\/lnpartner.hr\/en\/wp-json\/wp\/v2\/pages"}],"about":[{"href":"https:\/\/lnpartner.hr\/en\/wp-json\/wp\/v2\/types\/page"}],"author":[{"embeddable":true,"href":"https:\/\/lnpartner.hr\/en\/wp-json\/wp\/v2\/users\/1"}],"replies":[{"embeddable":true,"href":"https:\/\/lnpartner.hr\/en\/wp-json\/wp\/v2\/comments?post=453"}],"version-history":[{"count":7,"href":"https:\/\/lnpartner.hr\/en\/wp-json\/wp\/v2\/pages\/453\/revisions"}],"predecessor-version":[{"id":537,"href":"https:\/\/lnpartner.hr\/en\/wp-json\/wp\/v2\/pages\/453\/revisions\/537"}],"wp:attachment":[{"href":"https:\/\/lnpartner.hr\/en\/wp-json\/wp\/v2\/media?parent=453"}],"curies":[{"name":"wp","href":"https:\/\/api.w.org\/{rel}","templated":true}]}}